{"id":2966,"date":"2024-07-04T08:23:04","date_gmt":"2024-07-04T08:23:04","guid":{"rendered":"https:\/\/pampaequipamientos.com\/?post_type=product&#038;p=2966"},"modified":"2024-07-04T08:23:04","modified_gmt":"2024-07-04T08:23:04","slug":"balanza-systel-mod-nexa","status":"publish","type":"product","link":"https:\/\/pampaequipamientos.com\/index.php\/producto\/balanza-systel-mod-nexa\/","title":{"rendered":"Balanza Systel Mod. Nexa"},"content":{"rendered":"","protected":false},"excerpt":{"rendered":"<p>Capacidad de 300 kg.<br \/>\nPlataforma de acero inoxidable de 570 x 450 mm.<br \/>\nModelo SP, informa solo peso.<br \/>\nInformaci\u00f3n de detecci\u00f3n de errores<br \/>\nSe\u00f1alizaci\u00f3n de estabilidad, impresi\u00f3n, cero, tara.<br \/>\nCelda con protecci\u00f3n al sobrepeso.<\/p>\n","protected":false},"featured_media":2967,"template":"","meta":{"site-sidebar-layout":"default","site-content-layout":"","ast-site-content-layout":"default","site-content-style":"default","site-sidebar-style":"default","ast-global-header-display":"","ast-banner-title-visibility":"","ast-main-header-display":"","ast-hfb-above-header-display":"","ast-hfb-below-header-display":"","ast-hfb-mobile-header-display":"","site-post-title":"","ast-breadcrumbs-content":"","ast-featured-img":"","footer-sml-layout":"","ast-disable-related-posts":"","theme-transparent-header-meta":"default","adv-header-id-meta":"","stick-header-meta":"","header-above-stick-meta":"","header-main-stick-meta":"","header-below-stick-meta":"","astra-migrate-meta-layouts":"set","ast-page-background-enabled":"default","ast-page-background-meta":{"desktop":{"background-color":"var(--ast-global-color-4)","background-image":"","background-repeat":"repeat","background-position":"center center","background-size":"auto","background-attachment":"scroll","background-type":"","background-media":"","overlay-type":"","overlay-color":"","overlay-opacity":"","overlay-gradient":""},"tablet":{"background-color":"","background-image":"","background-repeat":"repeat","background-position":"center center","background-size":"auto","background-attachment":"scroll","background-type":"","background-media":"","overlay-type":"","overlay-color":"","overlay-opacity":"","overlay-gradient":""},"mobile":{"background-color":"","background-image":"","background-repeat":"repeat","background-position":"center center","background-size":"auto","background-attachment":"scroll","background-type":"","background-media":"","overlay-type":"","overlay-color":"","overlay-opacity":"","overlay-gradient":""}},"ast-content-background-meta":{"desktop":{"background-color":"var(--ast-global-color-5)","background-image":"","background-repeat":"repeat","background-position":"center center","background-size":"auto","background-attachment":"scroll","background-type":"","background-media":"","overlay-type":"","overlay-color":"","overlay-opacity":"","overlay-gradient":""},"tablet":{"background-color":"var(--ast-global-color-5)","background-image":"","background-repeat":"repeat","background-position":"center center","background-size":"auto","background-attachment":"scroll","background-type":"","background-media":"","overlay-type":"","overlay-color":"","overlay-opacity":"","overlay-gradient":""},"mobile":{"background-color":"var(--ast-global-color-5)","background-image":"","background-repeat":"repeat","background-position":"center center","background-size":"auto","background-attachment":"scroll","background-type":"","background-media":"","overlay-type":"","overlay-color":"","overlay-opacity":"","overlay-gradient":""}},"_themeisle_gutenberg_block_has_review":false,"_joinchat":[]},"product_brand":[],"product_cat":[95,90],"product_tag":[],"class_list":{"0":"post-2966","1":"product","2":"type-product","3":"status-publish","4":"has-post-thumbnail","6":"product_cat-balanzas-electronicas","7":"product_cat-comercial","8":"desktop-align-left","9":"tablet-align-left","10":"mobile-align-left","12":"first","13":"instock","14":"shipping-taxable","15":"product-type-simple"},"_links":{"self":[{"href":"https:\/\/pampaequipamientos.com\/index.php\/wp-json\/wp\/v2\/product\/2966","targetHints":{"allow":["GET"]}}],"collection":[{"href":"https:\/\/pampaequipamientos.com\/index.php\/wp-json\/wp\/v2\/product"}],"about":[{"href":"https:\/\/pampaequipamientos.com\/index.php\/wp-json\/wp\/v2\/types\/product"}],"version-history":[{"count":1,"href":"https:\/\/pampaequipamientos.com\/index.php\/wp-json\/wp\/v2\/product\/2966\/revisions"}],"predecessor-version":[{"id":2968,"href":"https:\/\/pampaequipamientos.com\/index.php\/wp-json\/wp\/v2\/product\/2966\/revisions\/2968"}],"wp:featuredmedia":[{"embeddable":true,"href":"https:\/\/pampaequipamientos.com\/index.php\/wp-json\/wp\/v2\/media\/2967"}],"wp:attachment":[{"href":"https:\/\/pampaequipamientos.com\/index.php\/wp-json\/wp\/v2\/media?parent=2966"}],"wp:term":[{"taxonomy":"product_brand","embeddable":true,"href":"https:\/\/pampaequipamientos.com\/index.php\/wp-json\/wp\/v2\/product_brand?post=2966"},{"taxonomy":"product_cat","embeddable":true,"href":"https:\/\/pampaequipamientos.com\/index.php\/wp-json\/wp\/v2\/product_cat?post=2966"},{"taxonomy":"product_tag","embeddable":true,"href":"https:\/\/pampaequipamientos.com\/index.php\/wp-json\/wp\/v2\/product_tag?post=2966"}],"curies":[{"name":"wp","href":"https:\/\/api.w.org\/{rel}","templated":true}]}}