{"id":3156,"date":"2024-10-07T08:13:26","date_gmt":"2024-10-07T08:13:26","guid":{"rendered":"https:\/\/pampaequipamientos.com\/?post_type=product&#038;p=3156"},"modified":"2025-11-19T20:19:51","modified_gmt":"2025-11-19T20:19:51","slug":"amasador-industrial-40-lts-silcook-mod-sx40","status":"publish","type":"product","link":"https:\/\/pampaequipamientos.com\/index.php\/producto\/amasador-industrial-40-lts-silcook-mod-sx40\/","title":{"rendered":"Amasador Industrial 40 Lts. Silcook Mod. SX40"},"content":{"rendered":"","protected":false},"excerpt":{"rendered":"<ul>\n<li>Este producto est\u00e1n dise\u00f1ado para un uso industrial y la elaboraci\u00f3n a gran escala.<\/li>\n<li>Capacidad de ingredientes secos: 16 kg. y un 50%de agua.<\/li>\n<li>Bowl de acero inox. capacidad 40 lts.<\/li>\n<li>Tablero electromec\u00e1nico con dos velocidades 107\/230 RPM.<\/li>\n<li>Visor digital e indicador de temperatura de masa.<\/li>\n<li>Funci\u00f3n de reserva para retirar el amasijo c\u00f3modamente.<\/li>\n<li>Timer incorporado.<\/li>\n<li>Rejilla de seguridad.<\/li>\n<li>Parada de emergencia para mayor seguridad.<\/li>\n<li>Motor 3 HP &#8211; monof\u00e1sico.<\/li>\n<\/ul>\n<p>&nbsp;<\/p>\n<p>Frente: 40 cm.<br \/>\nProf: 74 cm.<br \/>\nAlto: 96 cm.<\/p>\n","protected":false},"featured_media":3157,"template":"","meta":{"site-sidebar-layout":"default","site-content-layout":"","ast-site-content-layout":"default","site-content-style":"default","site-sidebar-style":"default","ast-global-header-display":"","ast-banner-title-visibility":"","ast-main-header-display":"","ast-hfb-above-header-display":"","ast-hfb-below-header-display":"","ast-hfb-mobile-header-display":"","site-post-title":"","ast-breadcrumbs-content":"","ast-featured-img":"","footer-sml-layout":"","ast-disable-related-posts":"","theme-transparent-header-meta":"default","adv-header-id-meta":"","stick-header-meta":"","header-above-stick-meta":"","header-main-stick-meta":"","header-below-stick-meta":"","astra-migrate-meta-layouts":"set","ast-page-background-enabled":"default","ast-page-background-meta":{"desktop":{"background-color":"var(--ast-global-color-4)","background-image":"","background-repeat":"repeat","background-position":"center center","background-size":"auto","background-attachment":"scroll","background-type":"","background-media":"","overlay-type":"","overlay-color":"","overlay-opacity":"","overlay-gradient":""},"tablet":{"background-color":"","background-image":"","background-repeat":"repeat","background-position":"center center","background-size":"auto","background-attachment":"scroll","background-type":"","background-media":"","overlay-type":"","overlay-color":"","overlay-opacity":"","overlay-gradient":""},"mobile":{"background-color":"","background-image":"","background-repeat":"repeat","background-position":"center center","background-size":"auto","background-attachment":"scroll","background-type":"","background-media":"","overlay-type":"","overlay-color":"","overlay-opacity":"","overlay-gradient":""}},"ast-content-background-meta":{"desktop":{"background-color":"var(--ast-global-color-5)","background-image":"","background-repeat":"repeat","background-position":"center center","background-size":"auto","background-attachment":"scroll","background-type":"","background-media":"","overlay-type":"","overlay-color":"","overlay-opacity":"","overlay-gradient":""},"tablet":{"background-color":"var(--ast-global-color-5)","background-image":"","background-repeat":"repeat","background-position":"center center","background-size":"auto","background-attachment":"scroll","background-type":"","background-media":"","overlay-type":"","overlay-color":"","overlay-opacity":"","overlay-gradient":""},"mobile":{"background-color":"var(--ast-global-color-5)","background-image":"","background-repeat":"repeat","background-position":"center center","background-size":"auto","background-attachment":"scroll","background-type":"","background-media":"","overlay-type":"","overlay-color":"","overlay-opacity":"","overlay-gradient":""}},"_themeisle_gutenberg_block_has_review":false,"_joinchat":[]},"product_brand":[],"product_cat":[174,258,124,173],"product_tag":[],"class_list":{"0":"post-3156","1":"product","2":"type-product","3":"status-publish","4":"has-post-thumbnail","6":"product_cat-amasadoras","7":"product_cat-convencionales","8":"product_cat-equipos-comerciales","9":"product_cat-panificados","10":"desktop-align-left","11":"tablet-align-left","12":"mobile-align-left","14":"first","15":"instock","16":"shipping-taxable","17":"product-type-simple"},"_links":{"self":[{"href":"https:\/\/pampaequipamientos.com\/index.php\/wp-json\/wp\/v2\/product\/3156","targetHints":{"allow":["GET"]}}],"collection":[{"href":"https:\/\/pampaequipamientos.com\/index.php\/wp-json\/wp\/v2\/product"}],"about":[{"href":"https:\/\/pampaequipamientos.com\/index.php\/wp-json\/wp\/v2\/types\/product"}],"version-history":[{"count":2,"href":"https:\/\/pampaequipamientos.com\/index.php\/wp-json\/wp\/v2\/product\/3156\/revisions"}],"predecessor-version":[{"id":4396,"href":"https:\/\/pampaequipamientos.com\/index.php\/wp-json\/wp\/v2\/product\/3156\/revisions\/4396"}],"wp:featuredmedia":[{"embeddable":true,"href":"https:\/\/pampaequipamientos.com\/index.php\/wp-json\/wp\/v2\/media\/3157"}],"wp:attachment":[{"href":"https:\/\/pampaequipamientos.com\/index.php\/wp-json\/wp\/v2\/media?parent=3156"}],"wp:term":[{"taxonomy":"product_brand","embeddable":true,"href":"https:\/\/pampaequipamientos.com\/index.php\/wp-json\/wp\/v2\/product_brand?post=3156"},{"taxonomy":"product_cat","embeddable":true,"href":"https:\/\/pampaequipamientos.com\/index.php\/wp-json\/wp\/v2\/product_cat?post=3156"},{"taxonomy":"product_tag","embeddable":true,"href":"https:\/\/pampaequipamientos.com\/index.php\/wp-json\/wp\/v2\/product_tag?post=3156"}],"curies":[{"name":"wp","href":"https:\/\/api.w.org\/{rel}","templated":true}]}}