{"id":4093,"date":"2025-09-18T12:50:13","date_gmt":"2025-09-18T12:50:13","guid":{"rendered":"https:\/\/pampaequipamientos.com\/?post_type=product&#038;p=4093"},"modified":"2025-09-18T12:50:13","modified_gmt":"2025-09-18T12:50:13","slug":"cajon-gelhorn-mod-frigorifico-ciego","status":"publish","type":"product","link":"https:\/\/pampaequipamientos.com\/index.php\/producto\/cajon-gelhorn-mod-frigorifico-ciego\/","title":{"rendered":"Caj\u00f3n Gelhorn Mod. Frigor\u00edfico Ciego"},"content":{"rendered":"","protected":false},"excerpt":{"rendered":"<p>Tipo: Apilable, piso y paredes ciegos.<br \/>\nIdeal: Frigor\u00edficos, av\u00edcolas, carnicer\u00edas y supermercados.<br \/>\nFabricado en polietileno de alta densidad, aprobado por Bromatolog\u00eda y Senasa.<br \/>\nMedidas: 79 x 44 x 29 cm.<br \/>\nColor Blanco.<\/p>\n<p><strong>80 litros.<\/strong><\/p>\n","protected":false},"featured_media":4094,"template":"","meta":{"site-sidebar-layout":"default","site-content-layout":"","ast-site-content-layout":"default","site-content-style":"default","site-sidebar-style":"default","ast-global-header-display":"","ast-banner-title-visibility":"","ast-main-header-display":"","ast-hfb-above-header-display":"","ast-hfb-below-header-display":"","ast-hfb-mobile-header-display":"","site-post-title":"","ast-breadcrumbs-content":"","ast-featured-img":"","footer-sml-layout":"","ast-disable-related-posts":"","theme-transparent-header-meta":"default","adv-header-id-meta":"","stick-header-meta":"","header-above-stick-meta":"","header-main-stick-meta":"","header-below-stick-meta":"","astra-migrate-meta-layouts":"set","ast-page-background-enabled":"default","ast-page-background-meta":{"desktop":{"background-color":"var(--ast-global-color-4)","background-image":"","background-repeat":"repeat","background-position":"center center","background-size":"auto","background-attachment":"scroll","background-type":"","background-media":"","overlay-type":"","overlay-color":"","overlay-opacity":"","overlay-gradient":""},"tablet":{"background-color":"","background-image":"","background-repeat":"repeat","background-position":"center center","background-size":"auto","background-attachment":"scroll","background-type":"","background-media":"","overlay-type":"","overlay-color":"","overlay-opacity":"","overlay-gradient":""},"mobile":{"background-color":"","background-image":"","background-repeat":"repeat","background-position":"center center","background-size":"auto","background-attachment":"scroll","background-type":"","background-media":"","overlay-type":"","overlay-color":"","overlay-opacity":"","overlay-gradient":""}},"ast-content-background-meta":{"desktop":{"background-color":"var(--ast-global-color-5)","background-image":"","background-repeat":"repeat","background-position":"center center","background-size":"auto","background-attachment":"scroll","background-type":"","background-media":"","overlay-type":"","overlay-color":"","overlay-opacity":"","overlay-gradient":""},"tablet":{"background-color":"var(--ast-global-color-5)","background-image":"","background-repeat":"repeat","background-position":"center center","background-size":"auto","background-attachment":"scroll","background-type":"","background-media":"","overlay-type":"","overlay-color":"","overlay-opacity":"","overlay-gradient":""},"mobile":{"background-color":"var(--ast-global-color-5)","background-image":"","background-repeat":"repeat","background-position":"center center","background-size":"auto","background-attachment":"scroll","background-type":"","background-media":"","overlay-type":"","overlay-color":"","overlay-opacity":"","overlay-gradient":""}},"_themeisle_gutenberg_block_has_review":false,"_joinchat":[]},"product_brand":[],"product_cat":[129,124],"product_tag":[],"class_list":{"0":"post-4093","1":"product","2":"type-product","3":"status-publish","4":"has-post-thumbnail","6":"product_cat-bandejas-cajones-canastos","7":"product_cat-equipos-comerciales","8":"desktop-align-left","9":"tablet-align-left","10":"mobile-align-left","12":"first","13":"instock","14":"shipping-taxable","15":"product-type-simple"},"_links":{"self":[{"href":"https:\/\/pampaequipamientos.com\/index.php\/wp-json\/wp\/v2\/product\/4093","targetHints":{"allow":["GET"]}}],"collection":[{"href":"https:\/\/pampaequipamientos.com\/index.php\/wp-json\/wp\/v2\/product"}],"about":[{"href":"https:\/\/pampaequipamientos.com\/index.php\/wp-json\/wp\/v2\/types\/product"}],"version-history":[{"count":1,"href":"https:\/\/pampaequipamientos.com\/index.php\/wp-json\/wp\/v2\/product\/4093\/revisions"}],"predecessor-version":[{"id":4095,"href":"https:\/\/pampaequipamientos.com\/index.php\/wp-json\/wp\/v2\/product\/4093\/revisions\/4095"}],"wp:featuredmedia":[{"embeddable":true,"href":"https:\/\/pampaequipamientos.com\/index.php\/wp-json\/wp\/v2\/media\/4094"}],"wp:attachment":[{"href":"https:\/\/pampaequipamientos.com\/index.php\/wp-json\/wp\/v2\/media?parent=4093"}],"wp:term":[{"taxonomy":"product_brand","embeddable":true,"href":"https:\/\/pampaequipamientos.com\/index.php\/wp-json\/wp\/v2\/product_brand?post=4093"},{"taxonomy":"product_cat","embeddable":true,"href":"https:\/\/pampaequipamientos.com\/index.php\/wp-json\/wp\/v2\/product_cat?post=4093"},{"taxonomy":"product_tag","embeddable":true,"href":"https:\/\/pampaequipamientos.com\/index.php\/wp-json\/wp\/v2\/product_tag?post=4093"}],"curies":[{"name":"wp","href":"https:\/\/api.w.org\/{rel}","templated":true}]}}