{"id":4505,"date":"2025-11-27T13:02:44","date_gmt":"2025-11-27T13:02:44","guid":{"rendered":"https:\/\/pampaequipamientos.com\/?post_type=product&#038;p=4505"},"modified":"2025-11-27T13:02:44","modified_gmt":"2025-11-27T13:02:44","slug":"guantes-terrykevlar-mod-3025","status":"publish","type":"product","link":"https:\/\/pampaequipamientos.com\/index.php\/producto\/guantes-terrykevlar-mod-3025\/","title":{"rendered":"Guantes TerryKevlar Mod. 3025"},"content":{"rendered":"","protected":false},"excerpt":{"rendered":"<ul>\n<li>Colchado aislante 100% algod\u00f3n.<\/li>\n<li>Pu\u00f1o de cuero.<\/li>\n<li>Alta resistencia al corte.<\/li>\n<li>Textura compacta, cerrada y espesa.<\/li>\n<li>4 c\u00e1maras de aire para aislaci\u00f3n t\u00e9rmica.<\/li>\n<li>Utilizado en hornos, panificadoras y soldaduras.<\/li>\n<li>Resistente al calor hasta m\u00e1s de 200\u00b0C.<\/li>\n<\/ul>\n<p>&nbsp;<\/p>\n<p>Frente: 17 cm.<br \/>\nAlto: 40 cm<\/p>\n","protected":false},"featured_media":4506,"template":"","meta":{"site-sidebar-layout":"default","site-content-layout":"","ast-site-content-layout":"default","site-content-style":"default","site-sidebar-style":"default","ast-global-header-display":"","ast-banner-title-visibility":"","ast-main-header-display":"","ast-hfb-above-header-display":"","ast-hfb-below-header-display":"","ast-hfb-mobile-header-display":"","site-post-title":"","ast-breadcrumbs-content":"","ast-featured-img":"","footer-sml-layout":"","ast-disable-related-posts":"","theme-transparent-header-meta":"default","adv-header-id-meta":"","stick-header-meta":"","header-above-stick-meta":"","header-main-stick-meta":"","header-below-stick-meta":"","astra-migrate-meta-layouts":"set","ast-page-background-enabled":"default","ast-page-background-meta":{"desktop":{"background-color":"var(--ast-global-color-4)","background-image":"","background-repeat":"repeat","background-position":"center center","background-size":"auto","background-attachment":"scroll","background-type":"","background-media":"","overlay-type":"","overlay-color":"","overlay-opacity":"","overlay-gradient":""},"tablet":{"background-color":"","background-image":"","background-repeat":"repeat","background-position":"center center","background-size":"auto","background-attachment":"scroll","background-type":"","background-media":"","overlay-type":"","overlay-color":"","overlay-opacity":"","overlay-gradient":""},"mobile":{"background-color":"","background-image":"","background-repeat":"repeat","background-position":"center center","background-size":"auto","background-attachment":"scroll","background-type":"","background-media":"","overlay-type":"","overlay-color":"","overlay-opacity":"","overlay-gradient":""}},"ast-content-background-meta":{"desktop":{"background-color":"var(--ast-global-color-5)","background-image":"","background-repeat":"repeat","background-position":"center center","background-size":"auto","background-attachment":"scroll","background-type":"","background-media":"","overlay-type":"","overlay-color":"","overlay-opacity":"","overlay-gradient":""},"tablet":{"background-color":"var(--ast-global-color-5)","background-image":"","background-repeat":"repeat","background-position":"center center","background-size":"auto","background-attachment":"scroll","background-type":"","background-media":"","overlay-type":"","overlay-color":"","overlay-opacity":"","overlay-gradient":""},"mobile":{"background-color":"var(--ast-global-color-5)","background-image":"","background-repeat":"repeat","background-position":"center center","background-size":"auto","background-attachment":"scroll","background-type":"","background-media":"","overlay-type":"","overlay-color":"","overlay-opacity":"","overlay-gradient":""}},"_themeisle_gutenberg_block_has_review":false,"_joinchat":[]},"product_brand":[],"product_cat":[124],"product_tag":[],"class_list":{"0":"post-4505","1":"product","2":"type-product","3":"status-publish","4":"has-post-thumbnail","6":"product_cat-equipos-comerciales","7":"desktop-align-left","8":"tablet-align-left","9":"mobile-align-left","11":"first","12":"instock","13":"shipping-taxable","14":"product-type-simple"},"_links":{"self":[{"href":"https:\/\/pampaequipamientos.com\/index.php\/wp-json\/wp\/v2\/product\/4505","targetHints":{"allow":["GET"]}}],"collection":[{"href":"https:\/\/pampaequipamientos.com\/index.php\/wp-json\/wp\/v2\/product"}],"about":[{"href":"https:\/\/pampaequipamientos.com\/index.php\/wp-json\/wp\/v2\/types\/product"}],"version-history":[{"count":1,"href":"https:\/\/pampaequipamientos.com\/index.php\/wp-json\/wp\/v2\/product\/4505\/revisions"}],"predecessor-version":[{"id":4507,"href":"https:\/\/pampaequipamientos.com\/index.php\/wp-json\/wp\/v2\/product\/4505\/revisions\/4507"}],"wp:featuredmedia":[{"embeddable":true,"href":"https:\/\/pampaequipamientos.com\/index.php\/wp-json\/wp\/v2\/media\/4506"}],"wp:attachment":[{"href":"https:\/\/pampaequipamientos.com\/index.php\/wp-json\/wp\/v2\/media?parent=4505"}],"wp:term":[{"taxonomy":"product_brand","embeddable":true,"href":"https:\/\/pampaequipamientos.com\/index.php\/wp-json\/wp\/v2\/product_brand?post=4505"},{"taxonomy":"product_cat","embeddable":true,"href":"https:\/\/pampaequipamientos.com\/index.php\/wp-json\/wp\/v2\/product_cat?post=4505"},{"taxonomy":"product_tag","embeddable":true,"href":"https:\/\/pampaequipamientos.com\/index.php\/wp-json\/wp\/v2\/product_tag?post=4505"}],"curies":[{"name":"wp","href":"https:\/\/api.w.org\/{rel}","templated":true}]}}