{"id":4558,"date":"2025-12-05T19:01:37","date_gmt":"2025-12-05T19:01:37","guid":{"rendered":"https:\/\/pampaequipamientos.com\/?post_type=product&#038;p=4558"},"modified":"2025-12-05T19:01:37","modified_gmt":"2025-12-05T19:01:37","slug":"gondola-puntera","status":"publish","type":"product","link":"https:\/\/pampaequipamientos.com\/index.php\/producto\/gondola-puntera\/","title":{"rendered":"G\u00f3ndola Puntera"},"content":{"rendered":"","protected":false},"excerpt":{"rendered":"<ul>\n<li>Las G\u00f3ndolas Junior Max son ideales para una excelente exhibici\u00f3n y aprovechar el m\u00e1ximo de carga.<\/li>\n<li>Fabricadas en chapa de primera calidad, pintadas con pintura epoxi.<\/li>\n<li>Posee 3 estantes con refuerzo en su parte sup. de 33,5 cm.<\/li>\n<li>Posee 1 estante con refuerzo en su parte inf. de 42,5 cm.<\/li>\n<li>Carga m\u00e1xima por estante: 110 kg.<\/li>\n<\/ul>\n<p>&nbsp;<\/p>\n<p>Medida<br \/>\nAlto: 154 cm.<br \/>\nFrente: 90 cm.<\/p>\n","protected":false},"featured_media":4552,"template":"","meta":{"site-sidebar-layout":"default","site-content-layout":"","ast-site-content-layout":"default","site-content-style":"default","site-sidebar-style":"default","ast-global-header-display":"","ast-banner-title-visibility":"","ast-main-header-display":"","ast-hfb-above-header-display":"","ast-hfb-below-header-display":"","ast-hfb-mobile-header-display":"","site-post-title":"","ast-breadcrumbs-content":"","ast-featured-img":"","footer-sml-layout":"","ast-disable-related-posts":"","theme-transparent-header-meta":"default","adv-header-id-meta":"","stick-header-meta":"","header-above-stick-meta":"","header-main-stick-meta":"","header-below-stick-meta":"","astra-migrate-meta-layouts":"set","ast-page-background-enabled":"default","ast-page-background-meta":{"desktop":{"background-color":"var(--ast-global-color-4)","background-image":"","background-repeat":"repeat","background-position":"center center","background-size":"auto","background-attachment":"scroll","background-type":"","background-media":"","overlay-type":"","overlay-color":"","overlay-opacity":"","overlay-gradient":""},"tablet":{"background-color":"","background-image":"","background-repeat":"repeat","background-position":"center center","background-size":"auto","background-attachment":"scroll","background-type":"","background-media":"","overlay-type":"","overlay-color":"","overlay-opacity":"","overlay-gradient":""},"mobile":{"background-color":"","background-image":"","background-repeat":"repeat","background-position":"center center","background-size":"auto","background-attachment":"scroll","background-type":"","background-media":"","overlay-type":"","overlay-color":"","overlay-opacity":"","overlay-gradient":""}},"ast-content-background-meta":{"desktop":{"background-color":"var(--ast-global-color-5)","background-image":"","background-repeat":"repeat","background-position":"center center","background-size":"auto","background-attachment":"scroll","background-type":"","background-media":"","overlay-type":"","overlay-color":"","overlay-opacity":"","overlay-gradient":""},"tablet":{"background-color":"var(--ast-global-color-5)","background-image":"","background-repeat":"repeat","background-position":"center center","background-size":"auto","background-attachment":"scroll","background-type":"","background-media":"","overlay-type":"","overlay-color":"","overlay-opacity":"","overlay-gradient":""},"mobile":{"background-color":"var(--ast-global-color-5)","background-image":"","background-repeat":"repeat","background-position":"center center","background-size":"auto","background-attachment":"scroll","background-type":"","background-media":"","overlay-type":"","overlay-color":"","overlay-opacity":"","overlay-gradient":""}},"_themeisle_gutenberg_block_has_review":false,"_joinchat":[]},"product_brand":[],"product_cat":[124,251],"product_tag":[],"class_list":{"0":"post-4558","1":"product","2":"type-product","3":"status-publish","4":"has-post-thumbnail","6":"product_cat-equipos-comerciales","7":"product_cat-racks-gondolas-estanterias","8":"desktop-align-left","9":"tablet-align-left","10":"mobile-align-left","12":"first","13":"instock","14":"shipping-taxable","15":"product-type-simple"},"_links":{"self":[{"href":"https:\/\/pampaequipamientos.com\/index.php\/wp-json\/wp\/v2\/product\/4558","targetHints":{"allow":["GET"]}}],"collection":[{"href":"https:\/\/pampaequipamientos.com\/index.php\/wp-json\/wp\/v2\/product"}],"about":[{"href":"https:\/\/pampaequipamientos.com\/index.php\/wp-json\/wp\/v2\/types\/product"}],"version-history":[{"count":1,"href":"https:\/\/pampaequipamientos.com\/index.php\/wp-json\/wp\/v2\/product\/4558\/revisions"}],"predecessor-version":[{"id":4559,"href":"https:\/\/pampaequipamientos.com\/index.php\/wp-json\/wp\/v2\/product\/4558\/revisions\/4559"}],"wp:featuredmedia":[{"embeddable":true,"href":"https:\/\/pampaequipamientos.com\/index.php\/wp-json\/wp\/v2\/media\/4552"}],"wp:attachment":[{"href":"https:\/\/pampaequipamientos.com\/index.php\/wp-json\/wp\/v2\/media?parent=4558"}],"wp:term":[{"taxonomy":"product_brand","embeddable":true,"href":"https:\/\/pampaequipamientos.com\/index.php\/wp-json\/wp\/v2\/product_brand?post=4558"},{"taxonomy":"product_cat","embeddable":true,"href":"https:\/\/pampaequipamientos.com\/index.php\/wp-json\/wp\/v2\/product_cat?post=4558"},{"taxonomy":"product_tag","embeddable":true,"href":"https:\/\/pampaequipamientos.com\/index.php\/wp-json\/wp\/v2\/product_tag?post=4558"}],"curies":[{"name":"wp","href":"https:\/\/api.w.org\/{rel}","templated":true}]}}